{"id":119,"date":"2024-05-29T02:02:51","date_gmt":"2024-05-29T01:02:51","guid":{"rendered":"https:\/\/ceosarl.com\/?page_id=119"},"modified":"2024-06-13T00:32:35","modified_gmt":"2024-06-12T23:32:35","slug":"actualites","status":"publish","type":"page","link":"https:\/\/ceosarl.com\/en\/actualites\/","title":{"rendered":"News"},"content":{"rendered":"<div data-elementor-type=\"wp-page\" data-elementor-id=\"119\" class=\"elementor elementor-119\" data-elementor-post-type=\"page\">\n\t\t\t\t<div class=\"elementor-element elementor-element-d2688ae e-flex e-con-boxed e-con e-parent\" data-id=\"d2688ae\" data-element_type=\"container\">\n\t\t\t\t\t<div class=\"e-con-inner\">\n\t\t<div class=\"elementor-element elementor-element-0146d3e e-flex e-con-boxed e-con e-child\" data-id=\"0146d3e\" data-element_type=\"container\">\n\t\t\t\t\t<div class=\"e-con-inner\">\n\t\t\t\t<div class=\"elementor-element elementor-element-bda6198 elementor-invisible elementor-widget elementor-widget-heading\" data-id=\"bda6198\" data-element_type=\"widget\" data-settings=\"{&quot;_animation&quot;:&quot;fadeInUp&quot;}\" data-widget_type=\"heading.default\">\n\t\t\t\t<div class=\"elementor-widget-container\">\n\t\t\t<style>\/*! elementor - v3.23.0 - 15-07-2024 *\/\n.elementor-heading-title{padding:0;margin:0;line-height:1}.elementor-widget-heading .elementor-heading-title[class*=elementor-size-]>a{color:inherit;font-size:inherit;line-height:inherit}.elementor-widget-heading .elementor-heading-title.elementor-size-small{font-size:15px}.elementor-widget-heading .elementor-heading-title.elementor-size-medium{font-size:19px}.elementor-widget-heading .elementor-heading-title.elementor-size-large{font-size:29px}.elementor-widget-heading .elementor-heading-title.elementor-size-xl{font-size:39px}.elementor-widget-heading .elementor-heading-title.elementor-size-xxl{font-size:59px}<\/style><p class=\"elementor-heading-title elementor-size-default\">News<\/p>\t\t<\/div>\n\t\t\t\t<\/div>\n\t\t\t\t<div class=\"elementor-element elementor-element-d058f71 elementor-invisible elementor-widget elementor-widget-elementskit-heading\" data-id=\"d058f71\" data-element_type=\"widget\" data-settings=\"{&quot;_animation&quot;:&quot;fadeInUp&quot;,&quot;_animation_delay&quot;:200}\" data-widget_type=\"elementskit-heading.default\">\n\t\t\t\t<div class=\"elementor-widget-container\">\n\t\t\t<div class=\"ekit-wid-con\" ><div class=\"ekit-heading elementskit-section-title-wraper text_center   ekit_heading_tablet-   ekit_heading_mobile-\"><h2 class=\"ekit-heading--title elementskit-section-title text_fill\">Discover the content of our blog and our news<\/h2><\/div><\/div>\t\t<\/div>\n\t\t\t\t<\/div>\n\t\t\t\t\t<\/div>\n\t\t\t\t<\/div>\n\t\t\t\t\t<\/div>\n\t\t\t\t<\/div>\n\t\t<div class=\"elementor-element elementor-element-e3e8a66 e-flex e-con-boxed e-con e-parent\" data-id=\"e3e8a66\" data-element_type=\"container\" data-settings=\"{&quot;background_background&quot;:&quot;classic&quot;}\">\n\t\t\t\t\t<div class=\"e-con-inner\">\n\t\t<div class=\"elementor-element elementor-element-af7b280 e-con-full e-flex e-con e-child\" data-id=\"af7b280\" data-element_type=\"container\">\n\t\t\t\t<div class=\"elementor-element elementor-element-14146c3 elementor-grid-3 elementor-grid-tablet-2 elementor-grid-mobile-1 elementor-posts--thumbnail-top elementor-card-shadow-yes elementor-posts__hover-gradient elementor-widget elementor-widget-posts\" data-id=\"14146c3\" data-element_type=\"widget\" data-settings=\"{&quot;cards_row_gap&quot;:{&quot;unit&quot;:&quot;px&quot;,&quot;size&quot;:30,&quot;sizes&quot;:[]},&quot;cards_columns&quot;:&quot;3&quot;,&quot;cards_columns_tablet&quot;:&quot;2&quot;,&quot;cards_columns_mobile&quot;:&quot;1&quot;,&quot;cards_row_gap_laptop&quot;:{&quot;unit&quot;:&quot;px&quot;,&quot;size&quot;:&quot;&quot;,&quot;sizes&quot;:[]},&quot;cards_row_gap_tablet_extra&quot;:{&quot;unit&quot;:&quot;px&quot;,&quot;size&quot;:&quot;&quot;,&quot;sizes&quot;:[]},&quot;cards_row_gap_tablet&quot;:{&quot;unit&quot;:&quot;px&quot;,&quot;size&quot;:&quot;&quot;,&quot;sizes&quot;:[]},&quot;cards_row_gap_mobile_extra&quot;:{&quot;unit&quot;:&quot;px&quot;,&quot;size&quot;:&quot;&quot;,&quot;sizes&quot;:[]},&quot;cards_row_gap_mobile&quot;:{&quot;unit&quot;:&quot;px&quot;,&quot;size&quot;:&quot;&quot;,&quot;sizes&quot;:[]}}\" data-widget_type=\"posts.cards\">\n\t\t\t\t<div class=\"elementor-widget-container\">\n\t\t\t<link rel=\"stylesheet\" href=\"https:\/\/ceosarl.com\/wp-content\/plugins\/elementor-pro\/assets\/css\/widget-posts.min.css?ver=1721221040\">\t\t<div class=\"elementor-posts-container elementor-posts elementor-posts--skin-cards elementor-grid\">\n\t\t\t\t<article class=\"elementor-post elementor-grid-item post-1246 post type-post status-publish format-standard has-post-thumbnail hentry category-environnement category-news\">\n\t\t\t<div class=\"elementor-post__card\">\n\t\t\t\t<a class=\"elementor-post__thumbnail__link\" href=\"https:\/\/ceosarl.com\/en\/news\/top-7-des-solutions-a-la-pollution-plastique-quelle-est-la-derniere-innovation-technologique\/\" tabindex=\"-1\" target=\"_blank\"><div class=\"elementor-post__thumbnail\"><img fetchpriority=\"high\" decoding=\"async\" width=\"300\" height=\"200\" src=\"https:\/\/ceosarl.com\/wp-content\/uploads\/2024\/06\/Top-7-des-solutions-a-la-pollution-plastique-300x200.webp\" class=\"attachment-medium size-medium wp-image-1260\" alt=\"Top 7 des solutions \u00e0 la pollution plastique\" srcset=\"https:\/\/ceosarl.com\/wp-content\/uploads\/2024\/06\/Top-7-des-solutions-a-la-pollution-plastique-300x200.webp 300w, https:\/\/ceosarl.com\/wp-content\/uploads\/2024\/06\/Top-7-des-solutions-a-la-pollution-plastique-18x12.webp 18w, https:\/\/ceosarl.com\/wp-content\/uploads\/2024\/06\/Top-7-des-solutions-a-la-pollution-plastique.webp 740w\" sizes=\"(max-width: 300px) 100vw, 300px\" \/><\/div><\/a>\n\t\t\t\t<div class=\"elementor-post__badge\">Environment<\/div>\n\t\t\t\t<div class=\"elementor-post__text\">\n\t\t\t\t<h3 class=\"elementor-post__title\">\n\t\t\t<a href=\"https:\/\/ceosarl.com\/en\/news\/top-7-des-solutions-a-la-pollution-plastique-quelle-est-la-derniere-innovation-technologique\/\" target=\"&quot;_blank&quot;\">\n\t\t\t\tTop 7 solutions to plastic pollution: What's the latest technological innovation?\t\t\t<\/a>\n\t\t<\/h3>\n\t\t\t\t<div class=\"elementor-post__excerpt\">\n\t\t\t<p>The negative impact of plastic pollution has led to a wave of innovation in everything from plastic recycling to waste collection systems.<\/p>\n\t\t<\/div>\n\t\t\n\t\t<a class=\"elementor-post__read-more\" href=\"https:\/\/ceosarl.com\/en\/news\/top-7-des-solutions-a-la-pollution-plastique-quelle-est-la-derniere-innovation-technologique\/\" aria-label=\"Read more about Top 7 des solutions \u00e0 la pollution plastique : Quelle est la derni\u00e8re innovation technologique ?\" tabindex=\"-1\" target=\"_blank\">\n\t\t\tRead more \u00bb\t\t<\/a>\n\n\t\t\t\t<\/div>\n\t\t\t\t<div class=\"elementor-post__meta-data\">\n\t\t\t\t\t<span class=\"elementor-post-date\">\n\t\t\t16 May 2024\t\t<\/span>\n\t\t\t\t<\/div>\n\t\t\t\t\t<\/div>\n\t\t<\/article>\n\t\t\t\t<article class=\"elementor-post elementor-grid-item post-1248 post type-post status-publish format-standard has-post-thumbnail hentry category-agriculture category-bioenergie\">\n\t\t\t<div class=\"elementor-post__card\">\n\t\t\t\t<a class=\"elementor-post__thumbnail__link\" href=\"https:\/\/ceosarl.com\/en\/agriculture\/bioenergie-et-equipements-agricoles-une-solution-durable-pour-lavenir\/\" tabindex=\"-1\" target=\"_blank\"><div class=\"elementor-post__thumbnail\"><img decoding=\"async\" width=\"300\" height=\"200\" src=\"https:\/\/ceosarl.com\/wp-content\/uploads\/2024\/06\/Bioenergie-et-equipements-agricoles-une-solution-durable-pour-lavenir-300x200.webp\" class=\"attachment-medium size-medium wp-image-1261\" alt=\"Bio\u00e9nergie et \u00e9quipements agricoles une solution durable pour l\u2019avenir\" srcset=\"https:\/\/ceosarl.com\/wp-content\/uploads\/2024\/06\/Bioenergie-et-equipements-agricoles-une-solution-durable-pour-lavenir-300x200.webp 300w, https:\/\/ceosarl.com\/wp-content\/uploads\/2024\/06\/Bioenergie-et-equipements-agricoles-une-solution-durable-pour-lavenir-18x12.webp 18w, https:\/\/ceosarl.com\/wp-content\/uploads\/2024\/06\/Bioenergie-et-equipements-agricoles-une-solution-durable-pour-lavenir.webp 740w\" sizes=\"(max-width: 300px) 100vw, 300px\" \/><\/div><\/a>\n\t\t\t\t<div class=\"elementor-post__badge\">Agriculture<\/div>\n\t\t\t\t<div class=\"elementor-post__text\">\n\t\t\t\t<h3 class=\"elementor-post__title\">\n\t\t\t<a href=\"https:\/\/ceosarl.com\/en\/agriculture\/bioenergie-et-equipements-agricoles-une-solution-durable-pour-lavenir\/\" target=\"&quot;_blank&quot;\">\n\t\t\t\tBioenergy and agricultural equipment: a sustainable solution for the future\t\t\t<\/a>\n\t\t<\/h3>\n\t\t\t\t<div class=\"elementor-post__excerpt\">\n\t\t\t<p>Our company is dedicated to the promotion of bioenergy and the sale or hire of agricultural equipment. We firmly believe that the use of renewable energy sources is the key to a sustainable future.<\/p>\n\t\t<\/div>\n\t\t\n\t\t<a class=\"elementor-post__read-more\" href=\"https:\/\/ceosarl.com\/en\/agriculture\/bioenergie-et-equipements-agricoles-une-solution-durable-pour-lavenir\/\" aria-label=\"Read more about Bio\u00e9nergie et \u00e9quipements agricoles: une solution durable pour l\u2019avenir\" tabindex=\"-1\" target=\"_blank\">\n\t\t\tRead more \u00bb\t\t<\/a>\n\n\t\t\t\t<\/div>\n\t\t\t\t<div class=\"elementor-post__meta-data\">\n\t\t\t\t\t<span class=\"elementor-post-date\">\n\t\t\t7 April 2024\t\t<\/span>\n\t\t\t\t<\/div>\n\t\t\t\t\t<\/div>\n\t\t<\/article>\n\t\t\t\t<article class=\"elementor-post elementor-grid-item post-1251 post type-post status-publish format-standard has-post-thumbnail hentry category-atuces-conseils\">\n\t\t\t<div class=\"elementor-post__card\">\n\t\t\t\t<a class=\"elementor-post__thumbnail__link\" href=\"https:\/\/ceosarl.com\/en\/atuces-conseils\/quelques-astuces-pour-fabriquer-soi-meme-du-charbon-vert\/\" tabindex=\"-1\" target=\"_blank\"><div class=\"elementor-post__thumbnail\"><img decoding=\"async\" width=\"300\" height=\"120\" src=\"https:\/\/ceosarl.com\/wp-content\/uploads\/2024\/06\/charbon_ecologique_ceo-sarl-blog-300x120.webp\" class=\"attachment-medium size-medium wp-image-1110\" alt=\"charbon_ecologique_ceo sarl blog\" srcset=\"https:\/\/ceosarl.com\/wp-content\/uploads\/2024\/06\/charbon_ecologique_ceo-sarl-blog-300x120.webp 300w, https:\/\/ceosarl.com\/wp-content\/uploads\/2024\/06\/charbon_ecologique_ceo-sarl-blog-1024x410.webp 1024w, https:\/\/ceosarl.com\/wp-content\/uploads\/2024\/06\/charbon_ecologique_ceo-sarl-blog-768x307.webp 768w, https:\/\/ceosarl.com\/wp-content\/uploads\/2024\/06\/charbon_ecologique_ceo-sarl-blog-18x7.webp 18w, https:\/\/ceosarl.com\/wp-content\/uploads\/2024\/06\/charbon_ecologique_ceo-sarl-blog.webp 1200w\" sizes=\"(max-width: 300px) 100vw, 300px\" \/><\/div><\/a>\n\t\t\t\t<div class=\"elementor-post__badge\">Tips &amp; advice<\/div>\n\t\t\t\t<div class=\"elementor-post__text\">\n\t\t\t\t<h3 class=\"elementor-post__title\">\n\t\t\t<a href=\"https:\/\/ceosarl.com\/en\/atuces-conseils\/quelques-astuces-pour-fabriquer-soi-meme-du-charbon-vert\/\" target=\"&quot;_blank&quot;\">\n\t\t\t\tA few tips for making your own green charcoal\t\t\t<\/a>\n\t\t<\/h3>\n\t\t\t\t<div class=\"elementor-post__excerpt\">\n\t\t\t<p>The production of green charcoal or ecological charcoal is an ideal alternative for combating the harmful gases produced by charcoal. In addition to pollution, the use of<\/p>\n\t\t<\/div>\n\t\t\n\t\t<a class=\"elementor-post__read-more\" href=\"https:\/\/ceosarl.com\/en\/atuces-conseils\/quelques-astuces-pour-fabriquer-soi-meme-du-charbon-vert\/\" aria-label=\"Read more about Quelques astuces pour fabriquer soi-m\u00eame du charbon vert\" tabindex=\"-1\" target=\"_blank\">\n\t\t\tRead more \u00bb\t\t<\/a>\n\n\t\t\t\t<\/div>\n\t\t\t\t<div class=\"elementor-post__meta-data\">\n\t\t\t\t\t<span class=\"elementor-post-date\">\n\t\t\t23 March 2024\t\t<\/span>\n\t\t\t\t<\/div>\n\t\t\t\t\t<\/div>\n\t\t<\/article>\n\t\t\t\t<article class=\"elementor-post elementor-grid-item post-1254 post type-post status-publish format-standard has-post-thumbnail hentry category-environnement category-news\">\n\t\t\t<div class=\"elementor-post__card\">\n\t\t\t\t<a class=\"elementor-post__thumbnail__link\" href=\"https:\/\/ceosarl.com\/en\/news\/la-technologie-et-son-impact-significatif-sur-lenvironnement\/\" tabindex=\"-1\" target=\"_blank\"><div class=\"elementor-post__thumbnail\"><img loading=\"lazy\" decoding=\"async\" width=\"300\" height=\"200\" src=\"https:\/\/ceosarl.com\/wp-content\/uploads\/2024\/06\/La-technologie-et-son-impact-significatif-sur-lenvironnement-300x200.webp\" class=\"attachment-medium size-medium wp-image-1259\" alt=\"La technologie et son impact significatif sur l\u2019environnement\" srcset=\"https:\/\/ceosarl.com\/wp-content\/uploads\/2024\/06\/La-technologie-et-son-impact-significatif-sur-lenvironnement-300x200.webp 300w, https:\/\/ceosarl.com\/wp-content\/uploads\/2024\/06\/La-technologie-et-son-impact-significatif-sur-lenvironnement-18x12.webp 18w, https:\/\/ceosarl.com\/wp-content\/uploads\/2024\/06\/La-technologie-et-son-impact-significatif-sur-lenvironnement.webp 620w\" sizes=\"(max-width: 300px) 100vw, 300px\" \/><\/div><\/a>\n\t\t\t\t<div class=\"elementor-post__badge\">Environment<\/div>\n\t\t\t\t<div class=\"elementor-post__text\">\n\t\t\t\t<h3 class=\"elementor-post__title\">\n\t\t\t<a href=\"https:\/\/ceosarl.com\/en\/news\/la-technologie-et-son-impact-significatif-sur-lenvironnement\/\" target=\"&quot;_blank&quot;\">\n\t\t\t\tTechnology and its significant impact on the environment\t\t\t<\/a>\n\t\t<\/h3>\n\t\t\t\t<div class=\"elementor-post__excerpt\">\n\t\t\t<p>Like the transport and industrial sectors, technology has been shown to have a considerable impact on the environment. Emissions of<\/p>\n\t\t<\/div>\n\t\t\n\t\t<a class=\"elementor-post__read-more\" href=\"https:\/\/ceosarl.com\/en\/news\/la-technologie-et-son-impact-significatif-sur-lenvironnement\/\" aria-label=\"Read more about La technologie et son impact significatif sur l\u2019environnement\" tabindex=\"-1\" target=\"_blank\">\n\t\t\tRead more \u00bb\t\t<\/a>\n\n\t\t\t\t<\/div>\n\t\t\t\t<div class=\"elementor-post__meta-data\">\n\t\t\t\t\t<span class=\"elementor-post-date\">\n\t\t\t10 January 2024\t\t<\/span>\n\t\t\t\t<\/div>\n\t\t\t\t\t<\/div>\n\t\t<\/article>\n\t\t\t\t<article class=\"elementor-post elementor-grid-item post-1256 post type-post status-publish format-standard has-post-thumbnail hentry category-atuces-conseils category-gestion-des-dechets\">\n\t\t\t<div class=\"elementor-post__card\">\n\t\t\t\t<a class=\"elementor-post__thumbnail__link\" href=\"https:\/\/ceosarl.com\/en\/gestion-des-dechets\/systeme-de-gestion-des-dechets-le-guide\/\" tabindex=\"-1\" target=\"_blank\"><div class=\"elementor-post__thumbnail\"><img loading=\"lazy\" decoding=\"async\" width=\"300\" height=\"168\" src=\"https:\/\/ceosarl.com\/wp-content\/uploads\/2024\/06\/Systeme-de-gestion-des-dechets-Le-Guide-300x168.webp\" class=\"attachment-medium size-medium wp-image-1263\" alt=\"Syst\u00e8me de gestion des d\u00e9chets Le Guide\" srcset=\"https:\/\/ceosarl.com\/wp-content\/uploads\/2024\/06\/Systeme-de-gestion-des-dechets-Le-Guide-300x168.webp 300w, https:\/\/ceosarl.com\/wp-content\/uploads\/2024\/06\/Systeme-de-gestion-des-dechets-Le-Guide-768x430.webp 768w, https:\/\/ceosarl.com\/wp-content\/uploads\/2024\/06\/Systeme-de-gestion-des-dechets-Le-Guide-18x10.webp 18w, https:\/\/ceosarl.com\/wp-content\/uploads\/2024\/06\/Systeme-de-gestion-des-dechets-Le-Guide.webp 826w\" sizes=\"(max-width: 300px) 100vw, 300px\" \/><\/div><\/a>\n\t\t\t\t<div class=\"elementor-post__badge\">Tips &amp; advice<\/div>\n\t\t\t\t<div class=\"elementor-post__text\">\n\t\t\t\t<h3 class=\"elementor-post__title\">\n\t\t\t<a href=\"https:\/\/ceosarl.com\/en\/gestion-des-dechets\/systeme-de-gestion-des-dechets-le-guide\/\" target=\"&quot;_blank&quot;\">\n\t\t\t\tWaste management system : The Guide\t\t\t<\/a>\n\t\t<\/h3>\n\t\t\t\t<div class=\"elementor-post__excerpt\">\n\t\t\t<p>What is a waste management system? A waste management system is a streamlined process that organisations use to eliminate, reduce, reuse and prevent waste.<\/p>\n\t\t<\/div>\n\t\t\n\t\t<a class=\"elementor-post__read-more\" href=\"https:\/\/ceosarl.com\/en\/gestion-des-dechets\/systeme-de-gestion-des-dechets-le-guide\/\" aria-label=\"Read more about Syst\u00e8me de gestion des d\u00e9chets : Le Guide\" tabindex=\"-1\" target=\"_blank\">\n\t\t\tRead more \u00bb\t\t<\/a>\n\n\t\t\t\t<\/div>\n\t\t\t\t<div class=\"elementor-post__meta-data\">\n\t\t\t\t\t<span class=\"elementor-post-date\">\n\t\t\t22 November 2023\t\t<\/span>\n\t\t\t\t<\/div>\n\t\t\t\t\t<\/div>\n\t\t<\/article>\n\t\t\t\t<article class=\"elementor-post elementor-grid-item post-1258 post type-post status-publish format-standard has-post-thumbnail hentry category-gestion-des-dechets category-news\">\n\t\t\t<div class=\"elementor-post__card\">\n\t\t\t\t<a class=\"elementor-post__thumbnail__link\" href=\"https:\/\/ceosarl.com\/en\/news\/6-produits-geniaux-fabriques-a-partir-de-dechets-recycles\/\" tabindex=\"-1\" target=\"_blank\"><div class=\"elementor-post__thumbnail\"><img loading=\"lazy\" decoding=\"async\" width=\"300\" height=\"169\" src=\"https:\/\/ceosarl.com\/wp-content\/uploads\/2024\/06\/6-produits-geniaux-fabriques-a-partir-de-dechets-recycles-300x169.webp\" class=\"attachment-medium size-medium wp-image-1262\" alt=\"6 produits g\u00e9niaux fabriqu\u00e9s \u00e0 partir de d\u00e9chets recycl\u00e9s\" srcset=\"https:\/\/ceosarl.com\/wp-content\/uploads\/2024\/06\/6-produits-geniaux-fabriques-a-partir-de-dechets-recycles-300x169.webp 300w, https:\/\/ceosarl.com\/wp-content\/uploads\/2024\/06\/6-produits-geniaux-fabriques-a-partir-de-dechets-recycles-768x432.webp 768w, https:\/\/ceosarl.com\/wp-content\/uploads\/2024\/06\/6-produits-geniaux-fabriques-a-partir-de-dechets-recycles-18x10.webp 18w, https:\/\/ceosarl.com\/wp-content\/uploads\/2024\/06\/6-produits-geniaux-fabriques-a-partir-de-dechets-recycles.webp 960w\" sizes=\"(max-width: 300px) 100vw, 300px\" \/><\/div><\/a>\n\t\t\t\t<div class=\"elementor-post__badge\">Waste management<\/div>\n\t\t\t\t<div class=\"elementor-post__text\">\n\t\t\t\t<h3 class=\"elementor-post__title\">\n\t\t\t<a href=\"https:\/\/ceosarl.com\/en\/news\/6-produits-geniaux-fabriques-a-partir-de-dechets-recycles\/\" target=\"&quot;_blank&quot;\">\n\t\t\t\t6 great products made from recycled waste\t\t\t<\/a>\n\t\t<\/h3>\n\t\t\t\t<div class=\"elementor-post__excerpt\">\n\t\t\t<p>Recycling is commonplace in our homes and workplaces, and many of the objects we use every day were once something else. Although it is<\/p>\n\t\t<\/div>\n\t\t\n\t\t<a class=\"elementor-post__read-more\" href=\"https:\/\/ceosarl.com\/en\/news\/6-produits-geniaux-fabriques-a-partir-de-dechets-recycles\/\" aria-label=\"Read more about 6 produits g\u00e9niaux fabriqu\u00e9s \u00e0 partir de d\u00e9chets recycl\u00e9s\" tabindex=\"-1\" target=\"_blank\">\n\t\t\tRead more \u00bb\t\t<\/a>\n\n\t\t\t\t<\/div>\n\t\t\t\t<div class=\"elementor-post__meta-data\">\n\t\t\t\t\t<span class=\"elementor-post-date\">\n\t\t\t4 October 2023\t\t<\/span>\n\t\t\t\t<\/div>\n\t\t\t\t\t<\/div>\n\t\t<\/article>\n\t\t\t\t<\/div>\n\t\t\n\t\t\t\t<\/div>\n\t\t\t\t<\/div>\n\t\t\t\t<\/div>\n\t\t\t\t\t<\/div>\n\t\t\t\t<\/div>\n\t\t\t\t<\/div>","protected":false},"excerpt":{"rendered":"<p>Actualit\u00e9s D\u00e9couvrez le contenu de notre blog et nos actualit\u00e9s<\/p>","protected":false},"author":1,"featured_media":0,"parent":0,"menu_order":0,"comment_status":"closed","ping_status":"closed","template":"","meta":{"footnotes":""},"class_list":["post-119","page","type-page","status-publish","hentry"],"yoast_head":"<!-- This site is optimized with the Yoast SEO Premium plugin v23.0 (Yoast SEO v24.0) - https:\/\/yoast.com\/wordpress\/plugins\/seo\/ -->\n<title>Actualit\u00e9s - CEO Sarl<\/title>\n<meta name=\"robots\" content=\"index, follow, max-snippet:-1, max-image-preview:large, max-video-preview:-1\" \/>\n<link rel=\"canonical\" href=\"https:\/\/ceosarl.com\/en\/actualites\/\" \/>\n<meta property=\"og:locale\" content=\"en_GB\" \/>\n<meta property=\"og:type\" content=\"article\" \/>\n<meta property=\"og:title\" content=\"Actualit\u00e9s\" \/>\n<meta property=\"og:description\" content=\"Actualit\u00e9s D\u00e9couvrez le contenu de notre blog et nos actualit\u00e9s\" \/>\n<meta property=\"og:url\" content=\"https:\/\/ceosarl.com\/en\/actualites\/\" \/>\n<meta property=\"og:site_name\" content=\"CEO Sarl\" \/>\n<meta property=\"article:publisher\" content=\"https:\/\/web.facebook.com\/ceosarl\/\" \/>\n<meta property=\"article:modified_time\" content=\"2024-06-12T23:32:35+00:00\" \/>\n<meta property=\"og:image\" content=\"https:\/\/ceosarl.com\/wp-content\/uploads\/2024\/05\/LogoCEO-Sarl.webp\" \/>\n\t<meta property=\"og:image:width\" content=\"823\" \/>\n\t<meta property=\"og:image:height\" content=\"823\" \/>\n\t<meta property=\"og:image:type\" content=\"image\/webp\" \/>\n<meta name=\"twitter:card\" content=\"summary_large_image\" \/>\n<script type=\"application\/ld+json\" class=\"yoast-schema-graph\">{\"@context\":\"https:\/\/schema.org\",\"@graph\":[{\"@type\":\"WebPage\",\"@id\":\"https:\/\/ceosarl.com\/actualites\/\",\"url\":\"https:\/\/ceosarl.com\/actualites\/\",\"name\":\"Actualit\u00e9s - CEO Sarl\",\"isPartOf\":{\"@id\":\"https:\/\/ceosarl.com\/#website\"},\"datePublished\":\"2024-05-29T01:02:51+00:00\",\"dateModified\":\"2024-06-12T23:32:35+00:00\",\"breadcrumb\":{\"@id\":\"https:\/\/ceosarl.com\/actualites\/#breadcrumb\"},\"inLanguage\":\"en-GB\",\"potentialAction\":[{\"@type\":\"ReadAction\",\"target\":[\"https:\/\/ceosarl.com\/actualites\/\"]}]},{\"@type\":\"BreadcrumbList\",\"@id\":\"https:\/\/ceosarl.com\/actualites\/#breadcrumb\",\"itemListElement\":[{\"@type\":\"ListItem\",\"position\":1,\"name\":\"Accueil\",\"item\":\"https:\/\/ceosarl.com\/\"},{\"@type\":\"ListItem\",\"position\":2,\"name\":\"Actualit\u00e9s\"}]},{\"@type\":\"WebSite\",\"@id\":\"https:\/\/ceosarl.com\/#website\",\"url\":\"https:\/\/ceosarl.com\/\",\"name\":\"CEO Sarl\",\"description\":\"Protection de l&#039;environnement &amp; prestation de services\",\"publisher\":{\"@id\":\"https:\/\/ceosarl.com\/#organization\"},\"potentialAction\":[{\"@type\":\"SearchAction\",\"target\":{\"@type\":\"EntryPoint\",\"urlTemplate\":\"https:\/\/ceosarl.com\/?s={search_term_string}\"},\"query-input\":{\"@type\":\"PropertyValueSpecification\",\"valueRequired\":true,\"valueName\":\"search_term_string\"}}],\"inLanguage\":\"en-GB\"},{\"@type\":\"Organization\",\"@id\":\"https:\/\/ceosarl.com\/#organization\",\"name\":\"CEO Sarl\",\"url\":\"https:\/\/ceosarl.com\/\",\"logo\":{\"@type\":\"ImageObject\",\"inLanguage\":\"en-GB\",\"@id\":\"https:\/\/ceosarl.com\/#\/schema\/logo\/image\/\",\"url\":\"https:\/\/ceosarl.com\/wp-content\/uploads\/2024\/05\/LogoCEO-Sarl.webp\",\"contentUrl\":\"https:\/\/ceosarl.com\/wp-content\/uploads\/2024\/05\/LogoCEO-Sarl.webp\",\"width\":823,\"height\":823,\"caption\":\"CEO Sarl\"},\"image\":{\"@id\":\"https:\/\/ceosarl.com\/#\/schema\/logo\/image\/\"},\"sameAs\":[\"https:\/\/web.facebook.com\/ceosarl\/\"]}]}<\/script>\n<!-- \/ Yoast SEO Premium plugin. -->","yoast_head_json":{"title":"Actualit\u00e9s - CEO Sarl","robots":{"index":"index","follow":"follow","max-snippet":"max-snippet:-1","max-image-preview":"max-image-preview:large","max-video-preview":"max-video-preview:-1"},"canonical":"https:\/\/ceosarl.com\/en\/actualites\/","og_locale":"en_GB","og_type":"article","og_title":"Actualit\u00e9s","og_description":"Actualit\u00e9s D\u00e9couvrez le contenu de notre blog et nos actualit\u00e9s","og_url":"https:\/\/ceosarl.com\/en\/actualites\/","og_site_name":"CEO Sarl","article_publisher":"https:\/\/web.facebook.com\/ceosarl\/","article_modified_time":"2024-06-12T23:32:35+00:00","og_image":[{"width":823,"height":823,"url":"https:\/\/ceosarl.com\/wp-content\/uploads\/2024\/05\/LogoCEO-Sarl.webp","type":"image\/webp"}],"twitter_card":"summary_large_image","schema":{"@context":"https:\/\/schema.org","@graph":[{"@type":"WebPage","@id":"https:\/\/ceosarl.com\/actualites\/","url":"https:\/\/ceosarl.com\/actualites\/","name":"Actualit\u00e9s - CEO Sarl","isPartOf":{"@id":"https:\/\/ceosarl.com\/#website"},"datePublished":"2024-05-29T01:02:51+00:00","dateModified":"2024-06-12T23:32:35+00:00","breadcrumb":{"@id":"https:\/\/ceosarl.com\/actualites\/#breadcrumb"},"inLanguage":"en-GB","potentialAction":[{"@type":"ReadAction","target":["https:\/\/ceosarl.com\/actualites\/"]}]},{"@type":"BreadcrumbList","@id":"https:\/\/ceosarl.com\/actualites\/#breadcrumb","itemListElement":[{"@type":"ListItem","position":1,"name":"Accueil","item":"https:\/\/ceosarl.com\/"},{"@type":"ListItem","position":2,"name":"Actualit\u00e9s"}]},{"@type":"WebSite","@id":"https:\/\/ceosarl.com\/#website","url":"https:\/\/ceosarl.com\/","name":"CEO Sarl","description":"Protection de l&#039;environnement &amp; prestation de services","publisher":{"@id":"https:\/\/ceosarl.com\/#organization"},"potentialAction":[{"@type":"SearchAction","target":{"@type":"EntryPoint","urlTemplate":"https:\/\/ceosarl.com\/?s={search_term_string}"},"query-input":{"@type":"PropertyValueSpecification","valueRequired":true,"valueName":"search_term_string"}}],"inLanguage":"en-GB"},{"@type":"Organization","@id":"https:\/\/ceosarl.com\/#organization","name":"CEO Sarl","url":"https:\/\/ceosarl.com\/","logo":{"@type":"ImageObject","inLanguage":"en-GB","@id":"https:\/\/ceosarl.com\/#\/schema\/logo\/image\/","url":"https:\/\/ceosarl.com\/wp-content\/uploads\/2024\/05\/LogoCEO-Sarl.webp","contentUrl":"https:\/\/ceosarl.com\/wp-content\/uploads\/2024\/05\/LogoCEO-Sarl.webp","width":823,"height":823,"caption":"CEO Sarl"},"image":{"@id":"https:\/\/ceosarl.com\/#\/schema\/logo\/image\/"},"sameAs":["https:\/\/web.facebook.com\/ceosarl\/"]}]}},"_links":{"self":[{"href":"https:\/\/ceosarl.com\/en\/wp-json\/wp\/v2\/pages\/119","targetHints":{"allow":["GET"]}}],"collection":[{"href":"https:\/\/ceosarl.com\/en\/wp-json\/wp\/v2\/pages"}],"about":[{"href":"https:\/\/ceosarl.com\/en\/wp-json\/wp\/v2\/types\/page"}],"author":[{"embeddable":true,"href":"https:\/\/ceosarl.com\/en\/wp-json\/wp\/v2\/users\/1"}],"replies":[{"embeddable":true,"href":"https:\/\/ceosarl.com\/en\/wp-json\/wp\/v2\/comments?post=119"}],"version-history":[{"count":15,"href":"https:\/\/ceosarl.com\/en\/wp-json\/wp\/v2\/pages\/119\/revisions"}],"predecessor-version":[{"id":1297,"href":"https:\/\/ceosarl.com\/en\/wp-json\/wp\/v2\/pages\/119\/revisions\/1297"}],"wp:attachment":[{"href":"https:\/\/ceosarl.com\/en\/wp-json\/wp\/v2\/media?parent=119"}],"curies":[{"name":"wp","href":"https:\/\/api.w.org\/{rel}","templated":true}]}}