{"id":709,"date":"2024-06-04T16:57:18","date_gmt":"2024-06-04T15:57:18","guid":{"rendered":"https:\/\/ceosarl.com\/?page_id=709"},"modified":"2024-06-14T16:23:03","modified_gmt":"2024-06-14T15:23:03","slug":"visite-de-senateurs-juniors-de-la-region-du-littoral-au-siege-ceo-sarl","status":"publish","type":"page","link":"https:\/\/ceosarl.com\/en\/projets\/visite-de-senateurs-juniors-de-la-region-du-littoral-au-siege-ceo-sarl\/","title":{"rendered":"Visit by junior senators from the coastal region to CEO Sarl headquarters"},"content":{"rendered":"<div data-elementor-type=\"wp-page\" data-elementor-id=\"709\" class=\"elementor elementor-709\" data-elementor-post-type=\"page\">\n\t\t\t\t<div class=\"elementor-element elementor-element-cb1f168 e-flex e-con-boxed e-con e-parent\" data-id=\"cb1f168\" data-element_type=\"container\">\n\t\t\t\t\t<div class=\"e-con-inner\">\n\t\t\t\t<div class=\"elementor-element elementor-element-1307f26 elementor-skin-carousel elementor-widget elementor-widget-media-carousel\" data-id=\"1307f26\" data-element_type=\"widget\" data-settings=\"{&quot;effect&quot;:&quot;cube&quot;,&quot;lazyload&quot;:&quot;yes&quot;,&quot;skin&quot;:&quot;carousel&quot;,&quot;speed&quot;:500,&quot;autoplay&quot;:&quot;yes&quot;,&quot;autoplay_speed&quot;:5000,&quot;loop&quot;:&quot;yes&quot;,&quot;pause_on_hover&quot;:&quot;yes&quot;,&quot;pause_on_interaction&quot;:&quot;yes&quot;,&quot;space_between&quot;:{&quot;unit&quot;:&quot;px&quot;,&quot;size&quot;:10,&quot;sizes&quot;:[]},&quot;space_between_laptop&quot;:{&quot;unit&quot;:&quot;px&quot;,&quot;size&quot;:10,&quot;sizes&quot;:[]},&quot;space_between_tablet_extra&quot;:{&quot;unit&quot;:&quot;px&quot;,&quot;size&quot;:10,&quot;sizes&quot;:[]},&quot;space_between_tablet&quot;:{&quot;unit&quot;:&quot;px&quot;,&quot;size&quot;:10,&quot;sizes&quot;:[]},&quot;space_between_mobile_extra&quot;:{&quot;unit&quot;:&quot;px&quot;,&quot;size&quot;:10,&quot;sizes&quot;:[]},&quot;space_between_mobile&quot;:{&quot;unit&quot;:&quot;px&quot;,&quot;size&quot;:10,&quot;sizes&quot;:[]}}\" data-widget_type=\"media-carousel.default\">\n\t\t\t\t<div class=\"elementor-widget-container\">\n\t\t\t<link rel=\"stylesheet\" href=\"https:\/\/ceosarl.com\/wp-content\/plugins\/elementor-pro\/assets\/css\/widget-carousel.min.css?ver=1721221040\">\t\t<div class=\"elementor-swiper\">\n\t\t\t<div class=\"elementor-main-swiper swiper\">\n\t\t\t\t<div class=\"swiper-wrapper\">\n\t\t\t\t\t\t\t\t\t\t\t<div class=\"swiper-slide\">\n\t\t\t\t\t\t\t<a href=\"https:\/\/ceosarl.com\/wp-content\/uploads\/2024\/06\/Visite-de-senateurs-Juniors-de-la-Region-du-littoral-au-siege-CEO-Sarl.webp\" data-elementor-open-lightbox=\"yes\" data-elementor-lightbox-slideshow=\"1307f26\" data-elementor-lightbox-title=\"Visite de s\u00e9nateurs Juniors de la R\u00e9gion du littoral au si\u00e8ge CEO Sarl\" data-e-action-hash=\"#elementor-action%3Aaction%3Dlightbox%26settings%3DeyJpZCI6MTU4NCwidXJsIjoiaHR0cHM6XC9cL2Nlb3NhcmwuY29tXC93cC1jb250ZW50XC91cGxvYWRzXC8yMDI0XC8wNlwvVmlzaXRlLWRlLXNlbmF0ZXVycy1KdW5pb3JzLWRlLWxhLVJlZ2lvbi1kdS1saXR0b3JhbC1hdS1zaWVnZS1DRU8tU2FybC53ZWJwIiwic2xpZGVzaG93IjoiMTMwN2YyNiJ9\">\t\t<div class=\"elementor-carousel-image swiper-lazy\" role=\"img\" aria-label=\"Visit by junior senators from the coastal region to CEO Sarl headquarters\" data-background=\"https:\/\/ceosarl.com\/wp-content\/uploads\/2024\/06\/Visite-de-senateurs-Juniors-de-la-Region-du-littoral-au-siege-CEO-Sarl.webp\">\n\n\t\t\t\t\t\t\t<div class=\"swiper-lazy-preloader\"><\/div>\n\t\t\t\n\t\t\t\t\t<\/div>\n\t\t<\/a>\t\t\t\t\t\t<\/div>\n\t\t\t\t\t\t\t\t\t\t\t<div class=\"swiper-slide\">\n\t\t\t\t\t\t\t<a href=\"https:\/\/ceosarl.com\/wp-content\/uploads\/2024\/06\/Visite-de-senateurs-Juniors-de-la-Region-du-littoral-au-siege-CEO-Sarl2.webp\" data-elementor-open-lightbox=\"yes\" data-elementor-lightbox-slideshow=\"1307f26\" data-elementor-lightbox-title=\"Visite de s\u00e9nateurs Juniors de la R\u00e9gion du littoral au si\u00e8ge CEO Sarl2\" data-e-action-hash=\"#elementor-action%3Aaction%3Dlightbox%26settings%3DeyJpZCI6MTU4MywidXJsIjoiaHR0cHM6XC9cL2Nlb3NhcmwuY29tXC93cC1jb250ZW50XC91cGxvYWRzXC8yMDI0XC8wNlwvVmlzaXRlLWRlLXNlbmF0ZXVycy1KdW5pb3JzLWRlLWxhLVJlZ2lvbi1kdS1saXR0b3JhbC1hdS1zaWVnZS1DRU8tU2FybDIud2VicCIsInNsaWRlc2hvdyI6IjEzMDdmMjYifQ%3D%3D\">\t\t<div class=\"elementor-carousel-image swiper-lazy\" role=\"img\" aria-label=\"Visite de s\u00e9nateurs Juniors de la R\u00e9gion du littoral au si\u00e8ge CEO Sarl2\" data-background=\"https:\/\/ceosarl.com\/wp-content\/uploads\/2024\/06\/Visite-de-senateurs-Juniors-de-la-Region-du-littoral-au-siege-CEO-Sarl2.webp\">\n\n\t\t\t\t\t\t\t<div class=\"swiper-lazy-preloader\"><\/div>\n\t\t\t\n\t\t\t\t\t<\/div>\n\t\t<\/a>\t\t\t\t\t\t<\/div>\n\t\t\t\t\t\t\t\t\t\t\t<div class=\"swiper-slide\">\n\t\t\t\t\t\t\t<a href=\"https:\/\/ceosarl.com\/wp-content\/uploads\/2024\/06\/Visite-de-senateurs-Juniors-de-la-Region-du-littoral-au-siege-CEO-Sarl3.webp\" data-elementor-open-lightbox=\"yes\" data-elementor-lightbox-slideshow=\"1307f26\" data-elementor-lightbox-title=\"Visite de s\u00e9nateurs Juniors de la R\u00e9gion du littoral au si\u00e8ge CEO Sarl3\" data-e-action-hash=\"#elementor-action%3Aaction%3Dlightbox%26settings%3DeyJpZCI6MTU4MiwidXJsIjoiaHR0cHM6XC9cL2Nlb3NhcmwuY29tXC93cC1jb250ZW50XC91cGxvYWRzXC8yMDI0XC8wNlwvVmlzaXRlLWRlLXNlbmF0ZXVycy1KdW5pb3JzLWRlLWxhLVJlZ2lvbi1kdS1saXR0b3JhbC1hdS1zaWVnZS1DRU8tU2FybDMud2VicCIsInNsaWRlc2hvdyI6IjEzMDdmMjYifQ%3D%3D\">\t\t<div class=\"elementor-carousel-image swiper-lazy\" role=\"img\" aria-label=\"Visite de s\u00e9nateurs Juniors de la R\u00e9gion du littoral au si\u00e8ge CEO Sarl3\" data-background=\"https:\/\/ceosarl.com\/wp-content\/uploads\/2024\/06\/Visite-de-senateurs-Juniors-de-la-Region-du-littoral-au-siege-CEO-Sarl3.webp\">\n\n\t\t\t\t\t\t\t<div class=\"swiper-lazy-preloader\"><\/div>\n\t\t\t\n\t\t\t\t\t<\/div>\n\t\t<\/a>\t\t\t\t\t\t<\/div>\n\t\t\t\t\t\t\t\t\t<\/div>\n\t\t\t\t\t\t\t\t\t\t\t\t\t\t\t\t\t\t\t\t\t<\/div>\n\t\t<\/div>\n\t\t\t\t<\/div>\n\t\t\t\t<\/div>\n\t\t\t\t<div class=\"elementor-element elementor-element-00e64cf elementor-icon-list--layout-inline elementor-align-left elementor-mobile-align-left elementor-hidden-mobile elementor-list-item-link-full_width elementor-widget elementor-widget-icon-list\" data-id=\"00e64cf\" data-element_type=\"widget\" data-widget_type=\"icon-list.default\">\n\t\t\t\t<div class=\"elementor-widget-container\">\n\t\t\t<link rel=\"stylesheet\" href=\"https:\/\/ceosarl.com\/wp-content\/uploads\/elementor\/css\/custom-widget-icon-list.min.css?ver=1721221235\">\t\t<ul class=\"elementor-icon-list-items elementor-inline-items\">\n\t\t\t\t\t\t\t<li class=\"elementor-icon-list-item elementor-inline-item\">\n\t\t\t\t\t\t\t\t\t\t\t<span class=\"elementor-icon-list-icon\">\n\t\t\t\t\t\t\t<i aria-hidden=\"true\" class=\"icon icon-calendar\"><\/i>\t\t\t\t\t\t<\/span>\n\t\t\t\t\t\t\t\t\t\t<span class=\"elementor-icon-list-text\">April 2023<\/span>\n\t\t\t\t\t\t\t\t\t<\/li>\n\t\t\t\t\t\t\t\t<li class=\"elementor-icon-list-item elementor-inline-item\">\n\t\t\t\t\t\t\t\t\t\t\t<span class=\"elementor-icon-list-icon\">\n\t\t\t\t\t\t\t<i aria-hidden=\"true\" class=\"icon icon-map-marker1\"><\/i>\t\t\t\t\t\t<\/span>\n\t\t\t\t\t\t\t\t\t\t<span class=\"elementor-icon-list-text\">Douala<\/span>\n\t\t\t\t\t\t\t\t\t<\/li>\n\t\t\t\t\t\t<\/ul>\n\t\t\t\t<\/div>\n\t\t\t\t<\/div>\n\t\t\t\t<div class=\"elementor-element elementor-element-b41dfab elementor-align-left elementor-mobile-align-left elementor-hidden-desktop elementor-hidden-laptop elementor-hidden-tablet_extra elementor-hidden-tablet elementor-hidden-mobile_extra elementor-icon-list--layout-traditional elementor-list-item-link-full_width elementor-widget elementor-widget-icon-list\" data-id=\"b41dfab\" data-element_type=\"widget\" data-widget_type=\"icon-list.default\">\n\t\t\t\t<div class=\"elementor-widget-container\">\n\t\t\t\t\t<ul class=\"elementor-icon-list-items\">\n\t\t\t\t\t\t\t<li class=\"elementor-icon-list-item\">\n\t\t\t\t\t\t\t\t\t\t\t<span class=\"elementor-icon-list-icon\">\n\t\t\t\t\t\t\t<i aria-hidden=\"true\" class=\"icon icon-calendar\"><\/i>\t\t\t\t\t\t<\/span>\n\t\t\t\t\t\t\t\t\t\t<span class=\"elementor-icon-list-text\">April 2023<\/span>\n\t\t\t\t\t\t\t\t\t<\/li>\n\t\t\t\t\t\t\t\t<li class=\"elementor-icon-list-item\">\n\t\t\t\t\t\t\t\t\t\t\t<span class=\"elementor-icon-list-icon\">\n\t\t\t\t\t\t\t<i aria-hidden=\"true\" class=\"icon icon-map-marker1\"><\/i>\t\t\t\t\t\t<\/span>\n\t\t\t\t\t\t\t\t\t\t<span class=\"elementor-icon-list-text\">Douala<\/span>\n\t\t\t\t\t\t\t\t\t<\/li>\n\t\t\t\t\t\t<\/ul>\n\t\t\t\t<\/div>\n\t\t\t\t<\/div>\n\t\t\t\t<div class=\"elementor-element elementor-element-357f2f2 elementor-widget elementor-widget-text-editor\" data-id=\"357f2f2\" data-element_type=\"widget\" data-widget_type=\"text-editor.default\">\n\t\t\t\t<div class=\"elementor-widget-container\">\n\t\t\t<style>\/*! elementor - v3.23.0 - 15-07-2024 *\/\n.elementor-widget-text-editor.elementor-drop-cap-view-stacked .elementor-drop-cap{background-color:#69727d;color:#fff}.elementor-widget-text-editor.elementor-drop-cap-view-framed .elementor-drop-cap{color:#69727d;border:3px solid;background-color:transparent}.elementor-widget-text-editor:not(.elementor-drop-cap-view-default) .elementor-drop-cap{margin-top:8px}.elementor-widget-text-editor:not(.elementor-drop-cap-view-default) .elementor-drop-cap-letter{width:1em;height:1em}.elementor-widget-text-editor .elementor-drop-cap{float:left;text-align:center;line-height:1;font-size:50px}.elementor-widget-text-editor .elementor-drop-cap-letter{display:inline-block}<\/style>\t\t\t\t<p>They were received in audience by the Founder CEO SARL Mr <strong>K. Ngoune osee<\/strong>in April 2023 at the company's headquarters in Cite des Palmiers, Douala.<br \/>05 Junior Senators from the Littoral Region, concerned about the needs of their constituents, came to CEO SARL to find out more about waste treatment and recovery in Cameroon, so that their constituents can benefit from the spin-offs.<br \/>Merci pour votre visite et nos portes resterons ouvertes pour vous.<\/p>\t\t\t\t\t\t<\/div>\n\t\t\t\t<\/div>\n\t\t\t\t<div class=\"elementor-element elementor-element-200c24f elementor-invisible elementor-widget elementor-widget-heading\" data-id=\"200c24f\" data-element_type=\"widget\" data-settings=\"{&quot;_animation&quot;:&quot;fadeInUp&quot;}\" data-widget_type=\"heading.default\">\n\t\t\t\t<div class=\"elementor-widget-container\">\n\t\t\t<style>\/*! elementor - v3.23.0 - 15-07-2024 *\/\n.elementor-heading-title{padding:0;margin:0;line-height:1}.elementor-widget-heading .elementor-heading-title[class*=elementor-size-]>a{color:inherit;font-size:inherit;line-height:inherit}.elementor-widget-heading .elementor-heading-title.elementor-size-small{font-size:15px}.elementor-widget-heading .elementor-heading-title.elementor-size-medium{font-size:19px}.elementor-widget-heading .elementor-heading-title.elementor-size-large{font-size:29px}.elementor-widget-heading .elementor-heading-title.elementor-size-xl{font-size:39px}.elementor-widget-heading .elementor-heading-title.elementor-size-xxl{font-size:59px}<\/style><h2 class=\"elementor-heading-title elementor-size-default\">Find the article on :<\/h2>\t\t<\/div>\n\t\t\t\t<\/div>\n\t\t\t\t<div class=\"elementor-element elementor-element-16acf2a elementor-shape-circle e-grid-align-left elementor-grid-0 elementor-widget elementor-widget-social-icons\" data-id=\"16acf2a\" data-element_type=\"widget\" data-widget_type=\"social-icons.default\">\n\t\t\t\t<div class=\"elementor-widget-container\">\n\t\t\t<style>\/*! elementor - v3.23.0 - 15-07-2024 *\/\n.elementor-widget-social-icons.elementor-grid-0 .elementor-widget-container,.elementor-widget-social-icons.elementor-grid-mobile-0 .elementor-widget-container,.elementor-widget-social-icons.elementor-grid-tablet-0 .elementor-widget-container{line-height:1;font-size:0}.elementor-widget-social-icons:not(.elementor-grid-0):not(.elementor-grid-tablet-0):not(.elementor-grid-mobile-0) .elementor-grid{display:inline-grid}.elementor-widget-social-icons .elementor-grid{grid-column-gap:var(--grid-column-gap,5px);grid-row-gap:var(--grid-row-gap,5px);grid-template-columns:var(--grid-template-columns);justify-content:var(--justify-content,center);justify-items:var(--justify-content,center)}.elementor-icon.elementor-social-icon{font-size:var(--icon-size,25px);line-height:var(--icon-size,25px);width:calc(var(--icon-size, 25px) + 2 * var(--icon-padding, .5em));height:calc(var(--icon-size, 25px) + 2 * var(--icon-padding, .5em))}.elementor-social-icon{--e-social-icon-icon-color:#fff;display:inline-flex;background-color:#69727d;align-items:center;justify-content:center;text-align:center;cursor:pointer}.elementor-social-icon i{color:var(--e-social-icon-icon-color)}.elementor-social-icon svg{fill:var(--e-social-icon-icon-color)}.elementor-social-icon:last-child{margin:0}.elementor-social-icon:hover{opacity:.9;color:#fff}.elementor-social-icon-android{background-color:#a4c639}.elementor-social-icon-apple{background-color:#999}.elementor-social-icon-behance{background-color:#1769ff}.elementor-social-icon-bitbucket{background-color:#205081}.elementor-social-icon-codepen{background-color:#000}.elementor-social-icon-delicious{background-color:#39f}.elementor-social-icon-deviantart{background-color:#05cc47}.elementor-social-icon-digg{background-color:#005be2}.elementor-social-icon-dribbble{background-color:#ea4c89}.elementor-social-icon-elementor{background-color:#d30c5c}.elementor-social-icon-envelope{background-color:#ea4335}.elementor-social-icon-facebook,.elementor-social-icon-facebook-f{background-color:#3b5998}.elementor-social-icon-flickr{background-color:#0063dc}.elementor-social-icon-foursquare{background-color:#2d5be3}.elementor-social-icon-free-code-camp,.elementor-social-icon-freecodecamp{background-color:#006400}.elementor-social-icon-github{background-color:#333}.elementor-social-icon-gitlab{background-color:#e24329}.elementor-social-icon-globe{background-color:#69727d}.elementor-social-icon-google-plus,.elementor-social-icon-google-plus-g{background-color:#dd4b39}.elementor-social-icon-houzz{background-color:#7ac142}.elementor-social-icon-instagram{background-color:#262626}.elementor-social-icon-jsfiddle{background-color:#487aa2}.elementor-social-icon-link{background-color:#818a91}.elementor-social-icon-linkedin,.elementor-social-icon-linkedin-in{background-color:#0077b5}.elementor-social-icon-medium{background-color:#00ab6b}.elementor-social-icon-meetup{background-color:#ec1c40}.elementor-social-icon-mixcloud{background-color:#273a4b}.elementor-social-icon-odnoklassniki{background-color:#f4731c}.elementor-social-icon-pinterest{background-color:#bd081c}.elementor-social-icon-product-hunt{background-color:#da552f}.elementor-social-icon-reddit{background-color:#ff4500}.elementor-social-icon-rss{background-color:#f26522}.elementor-social-icon-shopping-cart{background-color:#4caf50}.elementor-social-icon-skype{background-color:#00aff0}.elementor-social-icon-slideshare{background-color:#0077b5}.elementor-social-icon-snapchat{background-color:#fffc00}.elementor-social-icon-soundcloud{background-color:#f80}.elementor-social-icon-spotify{background-color:#2ebd59}.elementor-social-icon-stack-overflow{background-color:#fe7a15}.elementor-social-icon-steam{background-color:#00adee}.elementor-social-icon-stumbleupon{background-color:#eb4924}.elementor-social-icon-telegram{background-color:#2ca5e0}.elementor-social-icon-threads{background-color:#000}.elementor-social-icon-thumb-tack{background-color:#1aa1d8}.elementor-social-icon-tripadvisor{background-color:#589442}.elementor-social-icon-tumblr{background-color:#35465c}.elementor-social-icon-twitch{background-color:#6441a5}.elementor-social-icon-twitter{background-color:#1da1f2}.elementor-social-icon-viber{background-color:#665cac}.elementor-social-icon-vimeo{background-color:#1ab7ea}.elementor-social-icon-vk{background-color:#45668e}.elementor-social-icon-weibo{background-color:#dd2430}.elementor-social-icon-weixin{background-color:#31a918}.elementor-social-icon-whatsapp{background-color:#25d366}.elementor-social-icon-wordpress{background-color:#21759b}.elementor-social-icon-x-twitter{background-color:#000}.elementor-social-icon-xing{background-color:#026466}.elementor-social-icon-yelp{background-color:#af0606}.elementor-social-icon-youtube{background-color:#cd201f}.elementor-social-icon-500px{background-color:#0099e5}.elementor-shape-rounded .elementor-icon.elementor-social-icon{border-radius:10%}.elementor-shape-circle .elementor-icon.elementor-social-icon{border-radius:50%}<\/style>\t\t<div class=\"elementor-social-icons-wrapper elementor-grid\">\n\t\t\t\t\t\t\t<span class=\"elementor-grid-item\">\n\t\t\t\t\t<a class=\"elementor-icon elementor-social-icon elementor-social-icon-facebook elementor-repeater-item-b0da303\" href=\"https:\/\/web.facebook.com\/share\/p\/9MvG9uDVtFNnP2ND\/\" target=\"_blank\">\n\t\t\t\t\t\t<span class=\"elementor-screen-only\">Facebook<\/span>\n\t\t\t\t\t\t<svg class=\"e-font-icon-svg e-fab-facebook\" viewbox=\"0 0 512 512\" xmlns=\"http:\/\/www.w3.org\/2000\/svg\"><path d=\"M504 256C504 119 393 8 256 8S8 119 8 256c0 123.78 90.69 226.38 209.25 245V327.69h-63V256h63v-54.64c0-62.15 37-96.48 93.67-96.48 27.14 0 55.52 4.84 55.52 4.84v61h-31.28c-30.8 0-40.41 19.12-40.41 38.73V256h68.78l-11 71.69h-57.78V501C413.31 482.38 504 379.78 504 256z\"><\/path><\/svg>\t\t\t\t\t<\/a>\n\t\t\t\t<\/span>\n\t\t\t\t\t<\/div>\n\t\t\t\t<\/div>\n\t\t\t\t<\/div>\n\t\t\t\t\t<\/div>\n\t\t\t\t<\/div>\n\t\t\t\t<\/div>","protected":false},"excerpt":{"rendered":"<p>Avril 2023 Douala Avril 2023 Douala Ils ont \u00e9t\u00e9 re\u00e7us en audience par le Fondateur CEO SARL Mr K. Ngoune osee, en avril 2023, au si\u00e8ge de l&rsquo;entreprise sis \u00e0 la cite des palmiers,Douala.05 s\u00e9nateurs Juniors de la R\u00e9gion du littoral , soucieux des besoins de leur base, sont venus \u00e0 CEO SARL pour savoir [&hellip;]<\/p>","protected":false},"author":1,"featured_media":0,"parent":117,"menu_order":0,"comment_status":"closed","ping_status":"closed","template":"","meta":{"footnotes":""},"class_list":["post-709","page","type-page","status-publish","hentry"],"yoast_head":"<!-- This site is optimized with the Yoast SEO Premium plugin v23.0 (Yoast SEO v24.0) - https:\/\/yoast.com\/wordpress\/plugins\/seo\/ -->\n<title>Visite de s\u00e9nateurs Juniors de la R\u00e9gion du littoral au si\u00e8ge CEO Sarl - CEO Sarl<\/title>\n<meta name=\"robots\" content=\"index, follow, max-snippet:-1, max-image-preview:large, max-video-preview:-1\" \/>\n<link rel=\"canonical\" href=\"https:\/\/ceosarl.com\/en\/projets\/visite-de-senateurs-juniors-de-la-region-du-littoral-au-siege-ceo-sarl\/\" \/>\n<meta property=\"og:locale\" content=\"en_GB\" \/>\n<meta property=\"og:type\" content=\"article\" \/>\n<meta property=\"og:title\" content=\"Visite de s\u00e9nateurs Juniors de la R\u00e9gion du littoral au si\u00e8ge CEO Sarl\" \/>\n<meta property=\"og:description\" content=\"Avril 2023 Douala Avril 2023 Douala Ils ont \u00e9t\u00e9 re\u00e7us en audience par le Fondateur CEO SARL Mr K. Ngoune osee, en avril 2023, au si\u00e8ge de l&rsquo;entreprise sis \u00e0 la cite des palmiers,Douala.05 s\u00e9nateurs Juniors de la R\u00e9gion du littoral , soucieux des besoins de leur base, sont venus \u00e0 CEO SARL pour savoir [&hellip;]\" \/>\n<meta property=\"og:url\" content=\"https:\/\/ceosarl.com\/en\/projets\/visite-de-senateurs-juniors-de-la-region-du-littoral-au-siege-ceo-sarl\/\" \/>\n<meta property=\"og:site_name\" content=\"CEO Sarl\" \/>\n<meta property=\"article:publisher\" content=\"https:\/\/web.facebook.com\/ceosarl\/\" \/>\n<meta property=\"article:modified_time\" content=\"2024-06-14T15:23:03+00:00\" \/>\n<meta property=\"og:image\" content=\"https:\/\/ceosarl.com\/wp-content\/uploads\/2024\/05\/LogoCEO-Sarl.webp\" \/>\n\t<meta property=\"og:image:width\" content=\"823\" \/>\n\t<meta property=\"og:image:height\" content=\"823\" \/>\n\t<meta property=\"og:image:type\" content=\"image\/webp\" \/>\n<meta name=\"twitter:card\" content=\"summary_large_image\" \/>\n<script type=\"application\/ld+json\" class=\"yoast-schema-graph\">{\"@context\":\"https:\/\/schema.org\",\"@graph\":[{\"@type\":\"WebPage\",\"@id\":\"https:\/\/ceosarl.com\/projets\/visite-de-senateurs-juniors-de-la-region-du-littoral-au-siege-ceo-sarl\/\",\"url\":\"https:\/\/ceosarl.com\/projets\/visite-de-senateurs-juniors-de-la-region-du-littoral-au-siege-ceo-sarl\/\",\"name\":\"Visite de s\u00e9nateurs Juniors de la R\u00e9gion du littoral au si\u00e8ge CEO Sarl - CEO Sarl\",\"isPartOf\":{\"@id\":\"https:\/\/ceosarl.com\/#website\"},\"datePublished\":\"2024-06-04T15:57:18+00:00\",\"dateModified\":\"2024-06-14T15:23:03+00:00\",\"breadcrumb\":{\"@id\":\"https:\/\/ceosarl.com\/projets\/visite-de-senateurs-juniors-de-la-region-du-littoral-au-siege-ceo-sarl\/#breadcrumb\"},\"inLanguage\":\"en-GB\",\"potentialAction\":[{\"@type\":\"ReadAction\",\"target\":[\"https:\/\/ceosarl.com\/projets\/visite-de-senateurs-juniors-de-la-region-du-littoral-au-siege-ceo-sarl\/\"]}]},{\"@type\":\"BreadcrumbList\",\"@id\":\"https:\/\/ceosarl.com\/projets\/visite-de-senateurs-juniors-de-la-region-du-littoral-au-siege-ceo-sarl\/#breadcrumb\",\"itemListElement\":[{\"@type\":\"ListItem\",\"position\":1,\"name\":\"Accueil\",\"item\":\"https:\/\/ceosarl.com\/\"},{\"@type\":\"ListItem\",\"position\":2,\"name\":\"Projets\",\"item\":\"https:\/\/ceosarl.com\/projets\/\"},{\"@type\":\"ListItem\",\"position\":3,\"name\":\"Visite de s\u00e9nateurs Juniors de la R\u00e9gion du littoral au si\u00e8ge CEO Sarl\"}]},{\"@type\":\"WebSite\",\"@id\":\"https:\/\/ceosarl.com\/#website\",\"url\":\"https:\/\/ceosarl.com\/\",\"name\":\"CEO Sarl\",\"description\":\"Protection de l&#039;environnement &amp; prestation de services\",\"publisher\":{\"@id\":\"https:\/\/ceosarl.com\/#organization\"},\"potentialAction\":[{\"@type\":\"SearchAction\",\"target\":{\"@type\":\"EntryPoint\",\"urlTemplate\":\"https:\/\/ceosarl.com\/?s={search_term_string}\"},\"query-input\":{\"@type\":\"PropertyValueSpecification\",\"valueRequired\":true,\"valueName\":\"search_term_string\"}}],\"inLanguage\":\"en-GB\"},{\"@type\":\"Organization\",\"@id\":\"https:\/\/ceosarl.com\/#organization\",\"name\":\"CEO Sarl\",\"url\":\"https:\/\/ceosarl.com\/\",\"logo\":{\"@type\":\"ImageObject\",\"inLanguage\":\"en-GB\",\"@id\":\"https:\/\/ceosarl.com\/#\/schema\/logo\/image\/\",\"url\":\"https:\/\/ceosarl.com\/wp-content\/uploads\/2024\/05\/LogoCEO-Sarl.webp\",\"contentUrl\":\"https:\/\/ceosarl.com\/wp-content\/uploads\/2024\/05\/LogoCEO-Sarl.webp\",\"width\":823,\"height\":823,\"caption\":\"CEO Sarl\"},\"image\":{\"@id\":\"https:\/\/ceosarl.com\/#\/schema\/logo\/image\/\"},\"sameAs\":[\"https:\/\/web.facebook.com\/ceosarl\/\"]}]}<\/script>\n<!-- \/ Yoast SEO Premium plugin. -->","yoast_head_json":{"title":"Visite de s\u00e9nateurs Juniors de la R\u00e9gion du littoral au si\u00e8ge CEO Sarl - CEO Sarl","robots":{"index":"index","follow":"follow","max-snippet":"max-snippet:-1","max-image-preview":"max-image-preview:large","max-video-preview":"max-video-preview:-1"},"canonical":"https:\/\/ceosarl.com\/en\/projets\/visite-de-senateurs-juniors-de-la-region-du-littoral-au-siege-ceo-sarl\/","og_locale":"en_GB","og_type":"article","og_title":"Visite de s\u00e9nateurs Juniors de la R\u00e9gion du littoral au si\u00e8ge CEO Sarl","og_description":"Avril 2023 Douala Avril 2023 Douala Ils ont \u00e9t\u00e9 re\u00e7us en audience par le Fondateur CEO SARL Mr K. Ngoune osee, en avril 2023, au si\u00e8ge de l&rsquo;entreprise sis \u00e0 la cite des palmiers,Douala.05 s\u00e9nateurs Juniors de la R\u00e9gion du littoral , soucieux des besoins de leur base, sont venus \u00e0 CEO SARL pour savoir [&hellip;]","og_url":"https:\/\/ceosarl.com\/en\/projets\/visite-de-senateurs-juniors-de-la-region-du-littoral-au-siege-ceo-sarl\/","og_site_name":"CEO Sarl","article_publisher":"https:\/\/web.facebook.com\/ceosarl\/","article_modified_time":"2024-06-14T15:23:03+00:00","og_image":[{"width":823,"height":823,"url":"https:\/\/ceosarl.com\/wp-content\/uploads\/2024\/05\/LogoCEO-Sarl.webp","type":"image\/webp"}],"twitter_card":"summary_large_image","schema":{"@context":"https:\/\/schema.org","@graph":[{"@type":"WebPage","@id":"https:\/\/ceosarl.com\/projets\/visite-de-senateurs-juniors-de-la-region-du-littoral-au-siege-ceo-sarl\/","url":"https:\/\/ceosarl.com\/projets\/visite-de-senateurs-juniors-de-la-region-du-littoral-au-siege-ceo-sarl\/","name":"Visite de s\u00e9nateurs Juniors de la R\u00e9gion du littoral au si\u00e8ge CEO Sarl - CEO Sarl","isPartOf":{"@id":"https:\/\/ceosarl.com\/#website"},"datePublished":"2024-06-04T15:57:18+00:00","dateModified":"2024-06-14T15:23:03+00:00","breadcrumb":{"@id":"https:\/\/ceosarl.com\/projets\/visite-de-senateurs-juniors-de-la-region-du-littoral-au-siege-ceo-sarl\/#breadcrumb"},"inLanguage":"en-GB","potentialAction":[{"@type":"ReadAction","target":["https:\/\/ceosarl.com\/projets\/visite-de-senateurs-juniors-de-la-region-du-littoral-au-siege-ceo-sarl\/"]}]},{"@type":"BreadcrumbList","@id":"https:\/\/ceosarl.com\/projets\/visite-de-senateurs-juniors-de-la-region-du-littoral-au-siege-ceo-sarl\/#breadcrumb","itemListElement":[{"@type":"ListItem","position":1,"name":"Accueil","item":"https:\/\/ceosarl.com\/"},{"@type":"ListItem","position":2,"name":"Projets","item":"https:\/\/ceosarl.com\/projets\/"},{"@type":"ListItem","position":3,"name":"Visite de s\u00e9nateurs Juniors de la R\u00e9gion du littoral au si\u00e8ge CEO Sarl"}]},{"@type":"WebSite","@id":"https:\/\/ceosarl.com\/#website","url":"https:\/\/ceosarl.com\/","name":"CEO Sarl","description":"Protection de l&#039;environnement &amp; prestation de services","publisher":{"@id":"https:\/\/ceosarl.com\/#organization"},"potentialAction":[{"@type":"SearchAction","target":{"@type":"EntryPoint","urlTemplate":"https:\/\/ceosarl.com\/?s={search_term_string}"},"query-input":{"@type":"PropertyValueSpecification","valueRequired":true,"valueName":"search_term_string"}}],"inLanguage":"en-GB"},{"@type":"Organization","@id":"https:\/\/ceosarl.com\/#organization","name":"CEO Sarl","url":"https:\/\/ceosarl.com\/","logo":{"@type":"ImageObject","inLanguage":"en-GB","@id":"https:\/\/ceosarl.com\/#\/schema\/logo\/image\/","url":"https:\/\/ceosarl.com\/wp-content\/uploads\/2024\/05\/LogoCEO-Sarl.webp","contentUrl":"https:\/\/ceosarl.com\/wp-content\/uploads\/2024\/05\/LogoCEO-Sarl.webp","width":823,"height":823,"caption":"CEO Sarl"},"image":{"@id":"https:\/\/ceosarl.com\/#\/schema\/logo\/image\/"},"sameAs":["https:\/\/web.facebook.com\/ceosarl\/"]}]}},"_links":{"self":[{"href":"https:\/\/ceosarl.com\/en\/wp-json\/wp\/v2\/pages\/709","targetHints":{"allow":["GET"]}}],"collection":[{"href":"https:\/\/ceosarl.com\/en\/wp-json\/wp\/v2\/pages"}],"about":[{"href":"https:\/\/ceosarl.com\/en\/wp-json\/wp\/v2\/types\/page"}],"author":[{"embeddable":true,"href":"https:\/\/ceosarl.com\/en\/wp-json\/wp\/v2\/users\/1"}],"replies":[{"embeddable":true,"href":"https:\/\/ceosarl.com\/en\/wp-json\/wp\/v2\/comments?post=709"}],"version-history":[{"count":11,"href":"https:\/\/ceosarl.com\/en\/wp-json\/wp\/v2\/pages\/709\/revisions"}],"predecessor-version":[{"id":1594,"href":"https:\/\/ceosarl.com\/en\/wp-json\/wp\/v2\/pages\/709\/revisions\/1594"}],"up":[{"embeddable":true,"href":"https:\/\/ceosarl.com\/en\/wp-json\/wp\/v2\/pages\/117"}],"wp:attachment":[{"href":"https:\/\/ceosarl.com\/en\/wp-json\/wp\/v2\/media?parent=709"}],"curies":[{"name":"wp","href":"https:\/\/api.w.org\/{rel}","templated":true}]}}